{"id":21,"date":"2025-11-17T00:19:51","date_gmt":"2025-11-16T23:19:51","guid":{"rendered":"https:\/\/whkb.de\/?page_id=21"},"modified":"2025-11-24T21:37:07","modified_gmt":"2025-11-24T20:37:07","slug":"impressum","status":"publish","type":"page","link":"https:\/\/whkb.de\/?page_id=21","title":{"rendered":"Impressum"},"content":{"rendered":"\n<h1 class=\"wp-block-heading\">Impressum <\/h1>\n\n\n\n<p>Angaben gem\u00e4\u00df \u00a7 5 DDG<\/p>\n\n\n\n<p>Freundeskreis der westhavell\u00e4ndischen Kreisbahn e. V.<br>Hauptstr. 66<br>14776 Brandenburg an der Havel<\/p>\n\n\n\n<p><strong>Vertreten durch:<\/strong><br>J\u00f6rg Boderich<\/p>\n\n\n\n<p><strong>Kontakt:<\/strong><br>E-Mail:\u00a0<a>info@whkb.de<\/a><\/p>\n\n\n\n<p><strong>Verantwortlich f\u00fcr den Inhalt nach \u00a7 18 Abs. 2 MStV:<\/strong><br>Benjamin Kieper<br>Kleine Gartenstr. 4<br>14776 Brandenburg an der Havel <\/p>\n\n\n\n<p><strong>Verbraucherstreitbeilegung \/ Universalschlichtungsstelle<\/strong><br>Wir nehmen nicht an Streitbeilegungsverfahren vor einer Verbraucherschlichtungsstelle teil und sind dazu auch nicht verpflichtet.<\/p>\n\n\n\n<p><strong>Haftungsausschluss:<\/strong><br><br><strong>Urheberrecht<\/strong><br>Die durch die Seitenbetreiber erstellten Inhalte und Werke auf diesen Seiten unterliegen dem deutschen Urheberrecht. Die Vervielf\u00e4ltigung, Bearbeitung, Verbreitung und jede Art der Verwertung au\u00dferhalb der Grenzen des Urheberrechtes bed\u00fcrfen der schriftlichen Zustimmung des jeweiligen Autors bzw. Erstellers. Downloads und Kopien dieser Seite sind nur f\u00fcr den privaten, nicht kommerziellen Gebrauch gestattet. Soweit die Inhalte auf dieser Seite nicht vom Betreiber erstellt wurden, werden die Urheberrechte Dritter beachtet. Insbesondere werden Inhalte Dritter als solche gekennzeichnet. Sollten Sie trotzdem auf eine Urheberrechtsverletzung aufmerksam werden, bitten wir um einen entsprechenden Hinweis. Bei Bekanntwerden von Rechtsverletzungen werden wir derartige Inhalte umgehend entfernen.<\/p>\n\n\n\n<p>Impressum von&nbsp;<a href=\"https:\/\/websitewissen.com\/\">WebsiteWissen.com<\/a>, dem Ratgeber f\u00fcr&nbsp;<a href=\"https:\/\/websitewissen.com\/wordpress-website-erstellen\">WordPress-Websites<\/a>,&nbsp;<a href=\"https:\/\/websitewissen.com\/wordpress-hosting-vergleich\">WordPress-Hosting<\/a>&nbsp;und&nbsp;<a href=\"https:\/\/websitewissen.com\/website-kosten\">Website-Kosten<\/a>&nbsp;nach einem Muster von&nbsp;<a href=\"https:\/\/www.kanzlei-hasselbach.de\/\">Kanzlei Hasselbach Rechtsanw\u00e4lte<\/a>.<\/p>\n","protected":false},"excerpt":{"rendered":"<p>Impressum Angaben gem\u00e4\u00df \u00a7 5 DDG Freundeskreis der westhavell\u00e4ndischen Kreisbahn e. V.Hauptstr. 6614776 Brandenburg an der Havel Vertreten durch:J\u00f6rg Boderich Kontakt:E-Mail:\u00a0info@whkb.de Verantwortlich f\u00fcr den Inhalt nach \u00a7 18 Abs. 2 MStV:Benjamin KieperKleine Gartenstr. 414776 Brandenburg an der Havel Verbraucherstreitbeilegung \/ UniversalschlichtungsstelleWir nehmen nicht an Streitbeilegungsverfahren vor einer Verbraucherschlichtungsstelle teil und sind dazu auch nicht verpflichtet. &hellip; <\/p>\n<p class=\"link-more\"><a href=\"https:\/\/whkb.de\/?page_id=21\" class=\"more-link\"><span class=\"screen-reader-text\">\u201eImpressum\u201c <\/span>weiterlesen<\/a><\/p>\n","protected":false},"author":1,"featured_media":0,"parent":0,"menu_order":0,"comment_status":"closed","ping_status":"closed","template":"","meta":{"footnotes":""},"class_list":["post-21","page","type-page","status-publish","hentry","entry"],"_links":{"self":[{"href":"https:\/\/whkb.de\/index.php?rest_route=\/wp\/v2\/pages\/21","targetHints":{"allow":["GET"]}}],"collection":[{"href":"https:\/\/whkb.de\/index.php?rest_route=\/wp\/v2\/pages"}],"about":[{"href":"https:\/\/whkb.de\/index.php?rest_route=\/wp\/v2\/types\/page"}],"author":[{"embeddable":true,"href":"https:\/\/whkb.de\/index.php?rest_route=\/wp\/v2\/users\/1"}],"replies":[{"embeddable":true,"href":"https:\/\/whkb.de\/index.php?rest_route=%2Fwp%2Fv2%2Fcomments&post=21"}],"version-history":[{"count":2,"href":"https:\/\/whkb.de\/index.php?rest_route=\/wp\/v2\/pages\/21\/revisions"}],"predecessor-version":[{"id":26,"href":"https:\/\/whkb.de\/index.php?rest_route=\/wp\/v2\/pages\/21\/revisions\/26"}],"wp:attachment":[{"href":"https:\/\/whkb.de\/index.php?rest_route=%2Fwp%2Fv2%2Fmedia&parent=21"}],"curies":[{"name":"wp","href":"https:\/\/api.w.org\/{rel}","templated":true}]}}